{"id":2100,"date":"2021-03-19T06:59:03","date_gmt":"2021-03-19T06:59:03","guid":{"rendered":"http:\/\/localhost\/nuss\/?page_id=14"},"modified":"2024-02-19T13:21:48","modified_gmt":"2024-02-19T13:21:48","slug":"contact-us","status":"publish","type":"page","link":"https:\/\/www.grandcatalkaya.com\/index.php\/contact-us\/","title":{"rendered":"\u0130leti\u015fim"},"content":{"rendered":"\t\t<div data-elementor-type=\"wp-page\" data-elementor-id=\"2100\" class=\"elementor elementor-2100\">\n\t\t\t\t\t\t\t\t\t<section class=\"elementor-section elementor-top-section elementor-element elementor-element-870f456 elementor-section-boxed elementor-section-height-default elementor-section-height-default elementor-section-column-vertical-align-stretch\" data-id=\"870f456\" data-element_type=\"section\">\n\t\t\t\t\t\t<div class=\"elementor-container elementor-column-gap-no\">\n\t\t\t\t\t<div class=\"elementor-column elementor-col-100 elementor-top-column elementor-element elementor-element-e6495f0\" data-id=\"e6495f0\" data-element_type=\"column\">\n\t\t\t<div class=\"elementor-widget-wrap elementor-element-populated\">\n\t\t\t\t\t\t\t\t<div class=\"elementor-element elementor-element-5055c26 elementor-widget__width-initial elementor-invisible elementor-widget elementor-widget-text-editor\" data-id=\"5055c26\" data-element_type=\"widget\" data-settings=\"{&quot;_animation&quot;:&quot;nussFadeInUp&quot;}\" data-widget_type=\"text-editor.default\">\n\t\t\t\t<div class=\"elementor-widget-container\">\n\t\t\t<style>\/*! elementor - v3.6.0 - 21-03-2022 *\/\n.elementor-widget-text-editor.elementor-drop-cap-view-stacked .elementor-drop-cap{background-color:#818a91;color:#fff}.elementor-widget-text-editor.elementor-drop-cap-view-framed .elementor-drop-cap{color:#818a91;border:3px solid;background-color:transparent}.elementor-widget-text-editor:not(.elementor-drop-cap-view-default) .elementor-drop-cap{margin-top:8px}.elementor-widget-text-editor:not(.elementor-drop-cap-view-default) .elementor-drop-cap-letter{width:1em;height:1em}.elementor-widget-text-editor .elementor-drop-cap{float:left;text-align:center;line-height:1;font-size:50px}.elementor-widget-text-editor .elementor-drop-cap-letter{display:inline-block}<\/style>\t\t\t\t<p>Rezervasyon i\u00e7in ileti\u015fim numaralar\u0131m\u0131z<\/p>\t\t\t\t\t\t<\/div>\n\t\t\t\t<\/div>\n\t\t\t\t<div class=\"elementor-element elementor-element-2f1ffe1 elementor-widget__width-initial elementor-invisible elementor-widget elementor-widget-heading\" data-id=\"2f1ffe1\" data-element_type=\"widget\" data-settings=\"{&quot;_animation&quot;:&quot;nussFadeInUp&quot;}\" data-widget_type=\"heading.default\">\n\t\t\t\t<div class=\"elementor-widget-container\">\n\t\t\t<style>\/*! elementor - v3.6.0 - 21-03-2022 *\/\n.elementor-heading-title{padding:0;margin:0;line-height:1}.elementor-widget-heading .elementor-heading-title[class*=elementor-size-]>a{color:inherit;font-size:inherit;line-height:inherit}.elementor-widget-heading .elementor-heading-title.elementor-size-small{font-size:15px}.elementor-widget-heading .elementor-heading-title.elementor-size-medium{font-size:19px}.elementor-widget-heading .elementor-heading-title.elementor-size-large{font-size:29px}.elementor-widget-heading .elementor-heading-title.elementor-size-xl{font-size:39px}.elementor-widget-heading .elementor-heading-title.elementor-size-xxl{font-size:59px}<\/style><h3 class=\"elementor-heading-title elementor-size-default\">Rezervasyon i\u00e7in ileti\u015fim numaralar\u0131m\u0131z<\/h3>\t\t<\/div>\n\t\t\t\t<\/div>\n\t\t\t\t<div class=\"elementor-element elementor-element-7373379 elementor-invisible elementor-widget elementor-widget-text-editor\" data-id=\"7373379\" data-element_type=\"widget\" data-settings=\"{&quot;_animation&quot;:&quot;nussFadeInUp&quot;}\" data-widget_type=\"text-editor.default\">\n\t\t\t\t<div class=\"elementor-widget-container\">\n\t\t\t\t\t\t\t<p>Telefon: \u00a0<a href=\"tel:+905462855900\">+90 546 285 59 00<\/a><\/p><div class=\"header-lang ux-element hidden-on-tablet hidden-on-mobile\" data-id=\"header-lang\"><div class=\"inner-lang hover-accent-color\">\u00a0<\/div><\/div>\t\t\t\t\t\t<\/div>\n\t\t\t\t<\/div>\n\t\t\t\t<div class=\"elementor-element elementor-element-97599aa elementor-invisible elementor-widget elementor-widget-text-editor\" data-id=\"97599aa\" data-element_type=\"widget\" data-settings=\"{&quot;_animation&quot;:&quot;nussFadeInUp&quot;}\" data-widget_type=\"text-editor.default\">\n\t\t\t\t<div class=\"elementor-widget-container\">\n\t\t\t\t\t\t\t<p>Email: info@grandcatalkaya.com<\/p>\t\t\t\t\t\t<\/div>\n\t\t\t\t<\/div>\n\t\t\t\t<div class=\"elementor-element elementor-element-8cc73b2 elementor-widget__width-initial elementor-invisible elementor-widget elementor-widget-heading\" data-id=\"8cc73b2\" data-element_type=\"widget\" data-settings=\"{&quot;_animation&quot;:&quot;nussFadeInUp&quot;}\" data-widget_type=\"heading.default\">\n\t\t\t\t<div class=\"elementor-widget-container\">\n\t\t\t<h3 class=\"elementor-heading-title elementor-size-default\">Harita<\/h3>\t\t<\/div>\n\t\t\t\t<\/div>\n\t\t\t\t<div class=\"elementor-element elementor-element-809804d elementor-widget__width-initial elementor-invisible nuss-elementor-loading nuss-slide-in-up elementor-widget elementor-widget-google_maps\" data-id=\"809804d\" data-element_type=\"widget\" data-settings=\"{&quot;_animation&quot;:&quot;nussSlideInUp&quot;}\" data-widget_type=\"google_maps.default\">\n\t\t\t\t<div class=\"elementor-widget-container\">\n\t\t\t<style>\/*! elementor - v3.6.0 - 21-03-2022 *\/\n.elementor-widget-google_maps .elementor-widget-container{overflow:hidden}.elementor-widget-google_maps iframe{height:300px}<\/style>\t\t<div class=\"elementor-custom-embed\">\n\t\t\t<iframe frameborder=\"0\" scrolling=\"no\" marginheight=\"0\" marginwidth=\"0\"\n\t\t\t\t\tsrc=\"https:\/\/maps.google.com\/maps?q=grand%20%C3%A7atalkaya%20OTEL%20erzurum&#038;t=m&#038;z=19&#038;output=embed&#038;iwloc=near\"\n\t\t\t\t\ttitle=\"grand \u00e7atalkaya OTEL erzurum\"\n\t\t\t\t\taria-label=\"grand \u00e7atalkaya OTEL erzurum\"\n\t\t\t><\/iframe>\n\t\t<\/div>\n\t\t\t\t<\/div>\n\t\t\t\t<\/div>\n\t\t\t\t<div class=\"elementor-element elementor-element-d85188e elementor-widget__width-initial elementor-invisible elementor-widget elementor-widget-text-editor\" data-id=\"d85188e\" data-element_type=\"widget\" data-settings=\"{&quot;_animation&quot;:&quot;nussFadeInUp&quot;}\" data-widget_type=\"text-editor.default\">\n\t\t\t\t<div class=\"elementor-widget-container\">\n\t\t\t\t\t\t\t<p><a tabindex=\"0\" href=\"https:\/\/www.google.com.tr\/maps\/place\/\/data=!4m2!3m1!1s0x406e5fd8ac8f09e3:0xf8bc27ee9b269f5a?sa=X&amp;ved=2ahUKEwiNiNa1v7eEAxWhg_0HHUtVBeQQ4kB6BAhIEAA\" data-url=\"\/maps\/place\/\/data=!4m2!3m1!1s0x406e5fd8ac8f09e3:0xf8bc27ee9b269f5a?sa=X&amp;ved=2ahUKEwiNiNa1v7eEAxWhg_0HHUtVBeQQ4kB6BAhIEAA\">Kaz\u0131m Karabekir Pa\u015fa, R\u00fc\u015ft\u00fcye Sk. No:3, 25200 Yakutiye\/Erzurum, T\u00fcrkiye<\/a><\/p>\t\t\t\t\t\t<\/div>\n\t\t\t\t<\/div>\n\t\t\t\t<div class=\"elementor-element elementor-element-b042ce1 elementor-align-center elementor-invisible elementor-widget elementor-widget-button\" data-id=\"b042ce1\" data-element_type=\"widget\" data-settings=\"{&quot;_animation&quot;:&quot;nussFadeInUp&quot;}\" data-widget_type=\"button.default\">\n\t\t\t\t<div class=\"elementor-widget-container\">\n\t\t\t\t\t<div class=\"elementor-button-wrapper\">\n\t\t\t<a href=\"https:\/\/www.google.com.tr\/maps\/place\/\/data=!4m2!3m1!1s0x406e5fd8ac8f09e3:0xf8bc27ee9b269f5a?sa=X&#038;ved=2ahUKEwiNiNa1v7eEAxWhg_0HHUtVBeQQ4kB6BAhIEAA\" target=\"_blank\" class=\"elementor-button-link elementor-button elementor-size-sm\" role=\"button\">\n\t\t\t\t\t\t<span class=\"elementor-button-content-wrapper\">\n\t\t\t\t\t\t<span class=\"elementor-button-text\">Google konumu incele<\/span>\n\t\t<\/span>\n\t\t\t\t\t<\/a>\n\t\t<\/div>\n\t\t\t\t<\/div>\n\t\t\t\t<\/div>\n\t\t\t\t\t<\/div>\n\t\t<\/div>\n\t\t\t\t\t\t\t<\/div>\n\t\t<\/section>\n\t\t\t\t\t\t\t<\/div>\n\t\t","protected":false},"excerpt":{"rendered":"<p>Rezervasyon i\u00e7in ileti\u015fim numaralar\u0131m\u0131z Rezervasyon i\u00e7in ileti\u015fim numaralar\u0131m\u0131z Telefon: \u00a0+90 546 285 59 00 \u00a0 Email: info@grandcatalkaya.com Harita Kaz\u0131m Karabekir Pa\u015fa, R\u00fc\u015ft\u00fcye Sk. No:3, 25200 Yakutiye\/Erzurum, T\u00fcrkiye Google konumu incele<\/p>\n","protected":false},"author":1,"featured_media":0,"parent":0,"menu_order":0,"comment_status":"closed","ping_status":"closed","template":"","meta":{"footnotes":""},"_links":{"self":[{"href":"https:\/\/www.grandcatalkaya.com\/index.php\/wp-json\/wp\/v2\/pages\/2100"}],"collection":[{"href":"https:\/\/www.grandcatalkaya.com\/index.php\/wp-json\/wp\/v2\/pages"}],"about":[{"href":"https:\/\/www.grandcatalkaya.com\/index.php\/wp-json\/wp\/v2\/types\/page"}],"author":[{"embeddable":true,"href":"https:\/\/www.grandcatalkaya.com\/index.php\/wp-json\/wp\/v2\/users\/1"}],"replies":[{"embeddable":true,"href":"https:\/\/www.grandcatalkaya.com\/index.php\/wp-json\/wp\/v2\/comments?post=2100"}],"version-history":[{"count":18,"href":"https:\/\/www.grandcatalkaya.com\/index.php\/wp-json\/wp\/v2\/pages\/2100\/revisions"}],"predecessor-version":[{"id":5726,"href":"https:\/\/www.grandcatalkaya.com\/index.php\/wp-json\/wp\/v2\/pages\/2100\/revisions\/5726"}],"wp:attachment":[{"href":"https:\/\/www.grandcatalkaya.com\/index.php\/wp-json\/wp\/v2\/media?parent=2100"}],"curies":[{"name":"wp","href":"https:\/\/api.w.org\/{rel}","templated":true}]}}